{"id":3548,"date":"2025-06-12T10:12:48","date_gmt":"2025-06-12T10:12:48","guid":{"rendered":"https:\/\/www.elgeo.it\/katasteramt\/"},"modified":"2025-09-24T10:18:24","modified_gmt":"2025-09-24T10:18:24","slug":"katasteramt","status":"publish","type":"page","link":"https:\/\/www.elgeo.it\/de\/katasteramt\/","title":{"rendered":"Katasteramt"},"content":{"rendered":"\t\t<div data-elementor-type=\"wp-page\" data-elementor-id=\"3548\" class=\"elementor elementor-3548 elementor-1549\" data-elementor-post-type=\"page\">\n\t\t\t\t<div class=\"elementor-element elementor-element-2fb60d5 e-con-full e-flex e-con e-parent\" data-id=\"2fb60d5\" data-element_type=\"container\" data-e-type=\"container\" data-settings=\"{&quot;background_background&quot;:&quot;classic&quot;}\">\n\t\t\t\t<div class=\"elementor-element elementor-element-554b402a elementor-widget elementor-widget-heading\" data-id=\"554b402a\" data-element_type=\"widget\" data-e-type=\"widget\" data-widget_type=\"heading.default\">\n\t\t\t\t<div class=\"elementor-widget-container\">\n\t\t\t\t\t<h3 class=\"elementor-heading-title elementor-size-default\">Dienstleistungen<\/h3>\t\t\t\t<\/div>\n\t\t\t\t<\/div>\n\t\t\t\t<div class=\"elementor-element elementor-element-4776dbfb elementor-align-center elementor-widget elementor-widget-breadcrumbs\" data-id=\"4776dbfb\" data-element_type=\"widget\" data-e-type=\"widget\" data-widget_type=\"breadcrumbs.default\">\n\t\t\t\t<div class=\"elementor-widget-container\">\n\t\t\t\t\t<nav aria-label=\"breadcrumbs\" class=\"rank-math-breadcrumb\"><p><span class=\"last\">Home<\/span><\/p><\/nav>\t\t\t\t<\/div>\n\t\t\t\t<\/div>\n\t\t\t\t<\/div>\n\t\t<div class=\"elementor-element elementor-element-77bd1ec7 e-con-full e-flex e-con e-parent\" data-id=\"77bd1ec7\" data-element_type=\"container\" data-e-type=\"container\">\n\t\t<div class=\"elementor-element elementor-element-171cb182 e-con-full e-flex e-con e-child\" data-id=\"171cb182\" data-element_type=\"container\" data-e-type=\"container\" data-settings=\"{&quot;background_background&quot;:&quot;classic&quot;}\">\n\t\t\t\t<\/div>\n\t\t<div class=\"elementor-element elementor-element-5038724e e-con-full e-flex e-con e-child\" data-id=\"5038724e\" data-element_type=\"container\" data-e-type=\"container\" data-settings=\"{&quot;background_background&quot;:&quot;classic&quot;}\">\n\t\t<div class=\"elementor-element elementor-element-402f7cd8 e-con-full e-flex e-con e-child\" data-id=\"402f7cd8\" data-element_type=\"container\" data-e-type=\"container\">\n\t\t\t\t<div class=\"elementor-element elementor-element-7d9a198 elementor-arrows-position-inside elementor-widget elementor-widget-image-carousel\" data-id=\"7d9a198\" data-element_type=\"widget\" data-e-type=\"widget\" data-settings=\"{&quot;slides_to_show&quot;:&quot;1&quot;,&quot;navigation&quot;:&quot;arrows&quot;,&quot;autoplay&quot;:&quot;yes&quot;,&quot;pause_on_hover&quot;:&quot;yes&quot;,&quot;pause_on_interaction&quot;:&quot;yes&quot;,&quot;autoplay_speed&quot;:5000,&quot;infinite&quot;:&quot;yes&quot;,&quot;effect&quot;:&quot;slide&quot;,&quot;speed&quot;:500}\" data-widget_type=\"image-carousel.default\">\n\t\t\t\t<div class=\"elementor-widget-container\">\n\t\t\t\t\t\t\t<div class=\"elementor-image-carousel-wrapper swiper\" role=\"region\" aria-roledescription=\"carousel\" aria-label=\"Carosello d&#039;immagini\" dir=\"ltr\">\n\t\t\t<div class=\"elementor-image-carousel swiper-wrapper\" aria-live=\"off\">\n\t\t\t\t\t\t\t\t<div class=\"swiper-slide\" role=\"group\" aria-roledescription=\"slide\" aria-label=\"1 von 4\"><figure class=\"swiper-slide-inner\"><img decoding=\"async\" class=\"swiper-slide-image\" src=\"https:\/\/www.elgeo.it\/wp-content\/uploads\/2025\/06\/6-pratiche-catastali.jpg\" alt=\"6-pratiche-catastali\" \/><\/figure><\/div><div class=\"swiper-slide\" role=\"group\" aria-roledescription=\"slide\" aria-label=\"2 von 4\"><figure class=\"swiper-slide-inner\"><img decoding=\"async\" class=\"swiper-slide-image\" src=\"https:\/\/www.elgeo.it\/wp-content\/uploads\/2025\/08\/catasto-1.jpg\" alt=\"catasto-1\" \/><\/figure><\/div><div class=\"swiper-slide\" role=\"group\" aria-roledescription=\"slide\" aria-label=\"3 von 4\"><figure class=\"swiper-slide-inner\"><img decoding=\"async\" class=\"swiper-slide-image\" src=\"https:\/\/www.elgeo.it\/wp-content\/uploads\/2025\/08\/catasto-2.jpg\" alt=\"catasto-2\" \/><\/figure><\/div><div class=\"swiper-slide\" role=\"group\" aria-roledescription=\"slide\" aria-label=\"4 von 4\"><figure class=\"swiper-slide-inner\"><img decoding=\"async\" class=\"swiper-slide-image\" src=\"https:\/\/www.elgeo.it\/wp-content\/uploads\/2025\/08\/catasto-3.jpg\" alt=\"catasto-3\" \/><\/figure><\/div>\t\t\t<\/div>\n\t\t\t\t\t\t\t\t\t\t\t\t<div class=\"elementor-swiper-button elementor-swiper-button-prev\" role=\"button\" tabindex=\"0\">\n\t\t\t\t\t\t<svg aria-hidden=\"true\" class=\"e-font-icon-svg e-eicon-chevron-left\" viewBox=\"0 0 1000 1000\" xmlns=\"http:\/\/www.w3.org\/2000\/svg\"><path d=\"M646 125C629 125 613 133 604 142L308 442C296 454 292 471 292 487 292 504 296 521 308 533L604 854C617 867 629 875 646 875 663 875 679 871 692 858 704 846 713 829 713 812 713 796 708 779 692 767L438 487 692 225C700 217 708 204 708 187 708 171 704 154 692 142 675 129 663 125 646 125Z\"><\/path><\/svg>\t\t\t\t\t<\/div>\n\t\t\t\t\t<div class=\"elementor-swiper-button elementor-swiper-button-next\" role=\"button\" tabindex=\"0\">\n\t\t\t\t\t\t<svg aria-hidden=\"true\" class=\"e-font-icon-svg e-eicon-chevron-right\" viewBox=\"0 0 1000 1000\" xmlns=\"http:\/\/www.w3.org\/2000\/svg\"><path d=\"M696 533C708 521 713 504 713 487 713 471 708 454 696 446L400 146C388 133 375 125 354 125 338 125 325 129 313 142 300 154 292 171 292 187 292 204 296 221 308 233L563 492 304 771C292 783 288 800 288 817 288 833 296 850 308 863 321 871 338 875 354 875 371 875 388 867 400 854L696 533Z\"><\/path><\/svg>\t\t\t\t\t<\/div>\n\t\t\t\t\n\t\t\t\t\t\t\t\t\t<\/div>\n\t\t\t\t\t\t<\/div>\n\t\t\t\t<\/div>\n\t\t\t\t<\/div>\n\t\t<div class=\"elementor-element elementor-element-7ff6c272 e-con-full e-flex e-con e-child\" data-id=\"7ff6c272\" data-element_type=\"container\" data-e-type=\"container\">\n\t\t\t\t<div class=\"elementor-element elementor-element-32ee546e elementor-widget elementor-widget-heading\" data-id=\"32ee546e\" data-element_type=\"widget\" data-e-type=\"widget\" data-widget_type=\"heading.default\">\n\t\t\t\t<div class=\"elementor-widget-container\">\n\t\t\t\t\t<h2 class=\"elementor-heading-title elementor-size-default\">Kataster-Angelegenheiten, Tausendsteltabellen und materielle Teilungen<\/h2>\t\t\t\t<\/div>\n\t\t\t\t<\/div>\n\t\t\t\t<div class=\"elementor-element elementor-element-250cf0f elementor-widget elementor-widget-text-editor\" data-id=\"250cf0f\" data-element_type=\"widget\" data-e-type=\"widget\" data-widget_type=\"text-editor.default\">\n\t\t\t\t<div class=\"elementor-widget-container\">\n\t\t\t\t\t\t\t\t\t<p>Das Vermessungsb\u00fcro von Eugenio Leccacorvi ist seit 2007 t\u00e4tig und verf\u00fcgt seit 1995 \u00fcber eine reiche Erfahrung in den Bereichen Kataster und Grundbuch in S\u00fcdtirol.<span class=\"Apple-converted-space\"> <\/span><\/p><p>Vertraue uns, wenn du Beratung und Unterst\u00fctzung bei der <strong>Katastereintragung von Immobilien<\/strong>, <strong>der Teilung von Grundst\u00fccken<\/strong>, der Eintragung von <strong>Baugrundst\u00fccken<\/strong> oder der materiellen Teilung von Liegenschaften ben\u00f6tigst. Auch besch\u00e4ftigen wir uns seit Jahrzehnten mit der Rekonstruktion von Grundst\u00fccksgrenzen in ganz <strong>S\u00fcdtirol<\/strong>.<\/p><p>Du kannst dich auch bei der <strong>Erstellung oder \u00dcberarbeitung von Tausendsteltabellen f\u00fcr die Aufteilung<\/strong> der Wohnnebenkosten auf uns verlassen. Wir st\u00fctzen uns dabei auf eine spezielle Software, die auf der Erstellung einer Datenbank basiert. Sobald alle Einheiten eingegeben sind, k\u00f6nnen wir je nach Bedarf sowohl prim\u00e4re als auch sekund\u00e4re Miteigentumsanteile erstellen und diese auch nachtr\u00e4glich \u00e4ndern, ohne dass dabei Fehlerrisiken oder zus\u00e4tzliche Kosten f\u00fcr den Kunden entstehen.<\/p>\t\t\t\t\t\t\t\t<\/div>\n\t\t\t\t<\/div>\n\t\t\t\t<div class=\"elementor-element elementor-element-5c26ed51 elementor-align-left elementor-widget elementor-widget-button\" data-id=\"5c26ed51\" data-element_type=\"widget\" data-e-type=\"widget\" data-widget_type=\"button.default\">\n\t\t\t\t<div class=\"elementor-widget-container\">\n\t\t\t\t\t\t\t\t\t<div class=\"elementor-button-wrapper\">\n\t\t\t\t\t<a class=\"elementor-button elementor-button-link elementor-size-sm\" href=\"https:\/\/www.elgeo.it\/de\/kontakt\/\">\n\t\t\t\t\t\t<span class=\"elementor-button-content-wrapper\">\n\t\t\t\t\t\t<span class=\"elementor-button-icon\">\n\t\t\t\t<svg aria-hidden=\"true\" class=\"e-font-icon-svg e-fas-angle-right\" viewBox=\"0 0 256 512\" xmlns=\"http:\/\/www.w3.org\/2000\/svg\"><path d=\"M224.3 273l-136 136c-9.4 9.4-24.6 9.4-33.9 0l-22.6-22.6c-9.4-9.4-9.4-24.6 0-33.9l96.4-96.4-96.4-96.4c-9.4-9.4-9.4-24.6 0-33.9L54.3 103c9.4-9.4 24.6-9.4 33.9 0l136 136c9.5 9.4 9.5 24.6.1 34z\"><\/path><\/svg>\t\t\t<\/span>\n\t\t\t\t\t\t\t\t\t<span class=\"elementor-button-text\">Kontaktiere uns<\/span>\n\t\t\t\t\t<\/span>\n\t\t\t\t\t<\/a>\n\t\t\t\t<\/div>\n\t\t\t\t\t\t\t\t<\/div>\n\t\t\t\t<\/div>\n\t\t\t\t<\/div>\n\t\t\t\t<\/div>\n\t\t\t\t<\/div>\n\t\t<div class=\"elementor-element elementor-element-964fc6e e-con-full e-flex e-con e-parent\" data-id=\"964fc6e\" data-element_type=\"container\" data-e-type=\"container\" data-settings=\"{&quot;background_background&quot;:&quot;classic&quot;}\">\n\t\t<div class=\"elementor-element elementor-element-8b73889 e-con-full e-flex e-con e-child\" data-id=\"8b73889\" data-element_type=\"container\" data-e-type=\"container\">\n\t\t<div class=\"elementor-element elementor-element-e0c39f5 e-con-full e-flex e-con e-child\" data-id=\"e0c39f5\" data-element_type=\"container\" data-e-type=\"container\">\n\t\t\t\t<div class=\"elementor-element elementor-element-0be9c69 elementor-widget elementor-widget-heading\" data-id=\"0be9c69\" data-element_type=\"widget\" data-e-type=\"widget\" data-widget_type=\"heading.default\">\n\t\t\t\t<div class=\"elementor-widget-container\">\n\t\t\t\t\t<h2 class=\"elementor-heading-title elementor-size-default\">Kontaktiere uns noch heute f\u00fcr eine kostenlose Beratung\n<\/h2>\t\t\t\t<\/div>\n\t\t\t\t<\/div>\n\t\t\t\t<div class=\"elementor-element elementor-element-ee1d385 elementor-widget elementor-widget-text-editor\" data-id=\"ee1d385\" data-element_type=\"widget\" data-e-type=\"widget\" data-widget_type=\"text-editor.default\">\n\t\t\t\t<div class=\"elementor-widget-container\">\n\t\t\t\t\t\t\t\t\tM\u00f6chtest du ein Grundst\u00fcck aufteilen oder das Eigentum an deiner Immobilie teilen, musst du deine Wohnung\/Haus katasterm\u00e4\u00dfig eintragen lassen, m\u00f6chtest du die Grenzen deines Grundst\u00fccks kennenlernen, muss die Tausendsteltabelle deiner Wohnanlage berechnet oder angepasst werden, dann kontaktiere uns noch heute. Wir stehen dir mit professioneller Beratung zur Seite, um Ergebnisse zu erzielen, die deinen Erwartungen entsprechen.\t\t\t\t\t\t\t\t<\/div>\n\t\t\t\t<\/div>\n\t\t\t\t<div class=\"elementor-element elementor-element-9f5b68a elementor-align-left elementor-widget elementor-widget-button\" data-id=\"9f5b68a\" data-element_type=\"widget\" data-e-type=\"widget\" data-widget_type=\"button.default\">\n\t\t\t\t<div class=\"elementor-widget-container\">\n\t\t\t\t\t\t\t\t\t<div class=\"elementor-button-wrapper\">\n\t\t\t\t\t<a class=\"elementor-button elementor-button-link elementor-size-sm\" href=\"https:\/\/www.elgeo.it\/de\/kontakt\/\">\n\t\t\t\t\t\t<span class=\"elementor-button-content-wrapper\">\n\t\t\t\t\t\t<span class=\"elementor-button-icon\">\n\t\t\t\t<svg aria-hidden=\"true\" class=\"e-font-icon-svg e-fas-angle-right\" viewBox=\"0 0 256 512\" xmlns=\"http:\/\/www.w3.org\/2000\/svg\"><path d=\"M224.3 273l-136 136c-9.4 9.4-24.6 9.4-33.9 0l-22.6-22.6c-9.4-9.4-9.4-24.6 0-33.9l96.4-96.4-96.4-96.4c-9.4-9.4-9.4-24.6 0-33.9L54.3 103c9.4-9.4 24.6-9.4 33.9 0l136 136c9.5 9.4 9.5 24.6.1 34z\"><\/path><\/svg>\t\t\t<\/span>\n\t\t\t\t\t\t\t\t\t<span class=\"elementor-button-text\">Senden Sie uns die Anfrage<\/span>\n\t\t\t\t\t<\/span>\n\t\t\t\t\t<\/a>\n\t\t\t\t<\/div>\n\t\t\t\t\t\t\t\t<\/div>\n\t\t\t\t<\/div>\n\t\t\t\t<\/div>\n\t\t\t\t<\/div>\n\t\t\t\t<\/div>\n\t\t\t\t<\/div>\n\t\t","protected":false},"excerpt":{"rendered":"<p>Dienstleistungen Kataster-Angelegenheiten, Tausendsteltabellen und materielle Teilungen Das Vermessungsb\u00fcro von Eugenio Leccacorvi ist seit 2007 t\u00e4tig und verf\u00fcgt seit 1995 \u00fcber eine reiche Erfahrung in den Bereichen Kataster und Grundbuch in S\u00fcdtirol. Vertraue uns, wenn du Beratung und Unterst\u00fctzung bei der Katastereintragung von Immobilien, der Teilung von Grundst\u00fccken, der Eintragung von Baugrundst\u00fccken oder der materiellen Teilung [&hellip;]<\/p>\n","protected":false},"author":1,"featured_media":0,"parent":0,"menu_order":0,"comment_status":"closed","ping_status":"closed","template":"elementor_header_footer","meta":{"footnotes":""},"class_list":["post-3548","page","type-page","status-publish","hentry"],"_links":{"self":[{"href":"https:\/\/www.elgeo.it\/de\/wp-json\/wp\/v2\/pages\/3548","targetHints":{"allow":["GET"]}}],"collection":[{"href":"https:\/\/www.elgeo.it\/de\/wp-json\/wp\/v2\/pages"}],"about":[{"href":"https:\/\/www.elgeo.it\/de\/wp-json\/wp\/v2\/types\/page"}],"author":[{"embeddable":true,"href":"https:\/\/www.elgeo.it\/de\/wp-json\/wp\/v2\/users\/1"}],"replies":[{"embeddable":true,"href":"https:\/\/www.elgeo.it\/de\/wp-json\/wp\/v2\/comments?post=3548"}],"version-history":[{"count":3,"href":"https:\/\/www.elgeo.it\/de\/wp-json\/wp\/v2\/pages\/3548\/revisions"}],"predecessor-version":[{"id":4046,"href":"https:\/\/www.elgeo.it\/de\/wp-json\/wp\/v2\/pages\/3548\/revisions\/4046"}],"wp:attachment":[{"href":"https:\/\/www.elgeo.it\/de\/wp-json\/wp\/v2\/media?parent=3548"}],"curies":[{"name":"wp","href":"https:\/\/api.w.org\/{rel}","templated":true}]}}